{"id":3,"date":"2020-04-02T11:29:21","date_gmt":"2020-04-02T11:29:21","guid":{"rendered":"https:\/\/www.eic.leswebatelistes.eu\/?page_id=3"},"modified":"2020-07-15T18:38:50","modified_gmt":"2020-07-15T18:38:50","slug":"mentions-legales","status":"publish","type":"page","link":"https:\/\/www.eic-france.fr\/en\/mentions-legales\/","title":{"rendered":"Mentions l\u00e9gales"},"content":{"rendered":"\n<h4 class=\"wp-block-heading\"><strong><em>IDENTIFICATION DE L\u2019EDITEUR DU SITE INTERNET<\/em><\/strong><\/h4>\n\n\n\n<p>Ce site est \u00e9dit\u00e9 par la soci\u00e9t\u00e9&nbsp;<\/p>\n\n\n\n<p>EIC FRANCE &#8211; EMAIL INDUSTRIEL CONCEPT, Soci\u00e9t\u00e9 \u00e0 Responsabilit\u00e9s Limit\u00e9es au capital de 62 500 \u20ac.<\/p>\n\n\n\n<p>Pr\u00e9 Moinot &#8211; 52100 SAINT-DIZIER<\/p>\n\n\n\n<p>RCS&nbsp;CHAUMONT 529 188 195<br>TVA intracommunautaire : FR32529188195<\/p>\n\n\n\n<p>Nom de domaine : <a href=\"http:\/\/eic-france.fr\/\">eic-france.fr<\/a><br>Site web : <a href=\"https:\/\/audiotop.fr\">https:\/\/eic-france.fr<\/a><br>Mail :&nbsp;<a href=\"mailto:contact@eic-france.fr\">contact@eic-france.fr<\/a><\/p>\n\n\n\n<h4 class=\"wp-block-heading\"><strong><em>HEBERGEUR DU SITE INTERNET<\/em><\/strong><\/h4>\n\n\n\n<p>Les Webatelistes, Soci\u00e9t\u00e9 par Actions Simplifi\u00e9e au capital de 6 000 \u20ac.<\/p>\n\n\n\n<p>RCS Bar-le-Duc 832 285 795<br>TVA intracommunautaire : FR88 832 285 795<\/p>\n\n\n\n<p>15 bis rue Louis Best \u2013&nbsp;55170 Rupt-aux-Nonains<\/p>\n\n\n\n<p>Site web :&nbsp;<a href=\"https:\/\/leswebatelistes.fr\/\" target=\"_blank\" rel=\"noreferrer noopener\">leswebatelistes.fr<\/a><br>Mail :&nbsp;<a href=\"mailto:contact@leswebatelistes.fr\">contact@leswebatelistes.fr<\/a><\/p>\n\n\n\n<h4 class=\"wp-block-heading\"><strong><em>RESPONSABILITE FACE AUX LIENS VERS D\u2019AUTRES SITES<\/em><\/strong><\/h4>\n\n\n\n<p>Le site <a href=\"http:\/\/eic-france.fr\/\">eic-france.fr<\/a>&nbsp;peut proposer des liens vers d\u2019autres sites web. Chaque fois, il est syst\u00e9matiquement pr\u00e9cis\u00e9 vers quel site nous vous proposons d\u2019aller. Ces pages, dont les adresses sont r\u00e9guli\u00e8rement v\u00e9rifi\u00e9es, ne font pas partie du site <a href=\"http:\/\/eic-france.fr\/\">eic-france.fr<\/a>: elles n\u2019engagent pas la responsabilit\u00e9 de la r\u00e9daction du site qui ne peut \u00eatre tenue pour responsable des contenus vers lesquels ces liens pointent. Ils ne visent qu\u2019\u00e0 permettre \u00e0 l\u2019internaute d\u2019acc\u00e9der plus facilement \u00e0 d\u2019autres ressources sur le sujet consult\u00e9.<\/p>\n\n\n\n<h4 class=\"wp-block-heading\"><strong><em>PROPRIETE INTELLECTUELLE<\/em><\/strong><\/h4>\n\n\n\n<p>La structure g\u00e9n\u00e9rale ainsi que les textes, images et tous les autres \u00e9l\u00e9ments composant le site sont la propri\u00e9t\u00e9 exclusive de <a href=\"http:\/\/eic-france.fr\">eic-france.fr<\/a>.<\/p>\n\n\n\n<p>Toute repr\u00e9sentation totale ou partielle de ce site par quelle que personne que ce soit, sans l\u2019autorisation expresse des Webatelistes est interdite et constituerait une contrefa\u00e7on sanctionn\u00e9e par les articles L. 335-2 et suivants du Code de la propri\u00e9t\u00e9 intellectuelle.<\/p>\n\n\n\n<p>Il en est de m\u00eame des bases de donn\u00e9es figurant, le cas \u00e9ch\u00e9ant, sur le site web qui sont prot\u00e9g\u00e9es par les dispositions de la loi du 1 juillet 1998 portant transposition dans le Code de la propri\u00e9t\u00e9 intellectuelle de la directive du 11 mars 1996 relative \u00e0 la protection juridique des bases de donn\u00e9es, et dont EIC France est producteur.<\/p>\n\n\n\n<h4 class=\"wp-block-heading\"><strong><em>PROTECTION DES DONNEES ET DE LA VIE PRIVEE<\/em><\/strong><\/h4>\n\n\n\n<p>Politique de confidentialit\u00e9 et de traitement des donn\u00e9es personnelles d\u2019EIC France<\/p>\n\n\n\n<p>Pour toute information compl\u00e9mentaire sur la protection des donn\u00e9es personnelles, nous vous invitons \u00e0 consulter le site&nbsp;:&nbsp;<a href=\"https:\/\/www.cnil.fr\/\">https:\/\/www.cnil.fr\/<\/a><\/p>\n\n\n\n<ol class=\"wp-block-list\"><li><strong>Responsable du traitement (au sens de la loi 78-17 dite loi \u00ab&nbsp;CNIL&nbsp;\u00bb)<\/strong><\/li><\/ol>\n\n\n\n<p>Vos donn\u00e9es sont collect\u00e9es par&nbsp;:<\/p>\n\n\n\n<p>La Soci\u00e9t\u00e9 EIC France<\/p>\n\n\n\n<p>EIC France, Email Industrie Concept &#8211; Pr\u00e9 Moinot &#8211; 52100 SAINT-DIZIER<br><br>cette politique s\u2019applique au site suivant :<\/p>\n\n\n\n<p>nom de domaine : <a href=\"https:\/\/eic-france.fr\">eic-france.fr<\/a><br>Adresse du site :&nbsp;<a href=\"https:\/\/eic-france.fr\">https:\/\/eic-france.fr<\/a><\/p>\n\n\n\n<p>Une donn\u00e9e \u00e0 caract\u00e8re personnel d\u00e9signe toute information concernant une personne physique identifi\u00e9e ou identifiable (personne concern\u00e9e) ; est r\u00e9put\u00e9e identifiable une personne qui peut \u00eatre identifi\u00e9e, directement ou indirectement, notamment par r\u00e9f\u00e9rence \u00e0 un num\u00e9ro d\u2019identification ou \u00e0 un ou plusieurs \u00e9l\u00e9ments sp\u00e9cifiques, propres \u00e0 son identit\u00e9 physique, physiologique, psychique, \u00e9conomique, culturelle ou sociale.<\/p>\n\n\n\n<p><strong>Donn\u00e9es CNIL<\/strong><\/p>\n\n\n\n<p>Nom de domaine : <a href=\"http:\/\/eic-france.fr\">eic-france.fr<\/a><\/p>\n\n\n\n<p>\u00ab Conform\u00e9ment \u00e0 la loi du 06.01.1978, ces informations peuvent donner lieu \u00e0 l\u2019exercice d\u2019un droit d\u2019acc\u00e8s et de rectification aupr\u00e8s de notre service. \u00a0\u00bb Vous disposez d\u2019un droit d\u2019acc\u00e8s, de modification, de rectification et de suppression des donn\u00e9es qui vous concernent (art. 34 de la loi \u00ab Informatique et Libert\u00e9s \u00bb). Pour l\u2019exercer, adressez-vous \u00e0 : EIC France<\/p>\n\n\n\n<ol class=\"wp-block-list\"><li><strong>Identification des donn\u00e9es collect\u00e9es, finalit\u00e9 et exploitation des donn\u00e9es trait\u00e9es<\/strong><\/li><\/ol>\n\n\n\n<p>Lors de votre visite sur le site eic-france.fr, des donn\u00e9es sont collect\u00e9es afin de mieux vous servir. Ces donn\u00e9es sont :<\/p>\n\n\n\n<ul class=\"wp-block-list\"><li><strong>Civilit\u00e9 :<\/strong><ul><li>Nom<\/li><li>Pr\u00e9nom(s)<\/li><li>Adresse<\/li><li>Num\u00e9ros de t\u00e9l\u00e9phone<\/li><li>Adresse de courrier \u00e9lectronique<\/li><\/ul><\/li><\/ul>\n\n\n\n<p>Nous n\u2019utiliserons jamais votre num\u00e9ro de t\u00e9l\u00e9phone pour faire de la prospection commerciale, votre num\u00e9ro nous sert exclusivement \u00e0 vous contacter dans le cadre du service client.<\/p>\n\n\n\n<ol class=\"wp-block-list\"><li><strong>H\u00e9bergement des Donn\u00e9es<\/strong><\/li><\/ol>\n\n\n\n<p>L\u2019ensemble des donn\u00e9es collect\u00e9es et trait\u00e9es par EIC France est h\u00e9berg\u00e9 en France.<\/p>\n\n\n\n<ol class=\"wp-block-list\"><li><strong>Destination des donn\u00e9es collect\u00e9es<\/strong><\/li><\/ol>\n\n\n\n<p>Les donn\u00e9es collect\u00e9es ne sont utilis\u00e9es qu\u2019\u00e0 des fins d\u2019analyses et de statistiques par la soci\u00e9t\u00e9 EIC France. aucune transmission de ces donn\u00e9es \u00e0 des tiers ne sera r\u00e9alis\u00e9.<\/p>\n\n\n\n<ol class=\"wp-block-list\"><li><strong>Dur\u00e9e de conservation des donn\u00e9es<\/strong><\/li><\/ol>\n\n\n\n<p>Les donn\u00e9es sont conserv\u00e9es et utilis\u00e9es pour une dur\u00e9e conforme \u00e0 la l\u00e9gislation en vigueur.<\/p>\n\n\n\n<ol class=\"wp-block-list\"><li><strong>Droit d\u2019acc\u00e8s et de rectification de vos donn\u00e9es<\/strong><\/li><\/ol>\n\n\n\n<p>Conform\u00e9ment \u00e0 la Loi 78-17 \u00ab Informatique et Libert\u00e9s \u00bb du 6 janvier 1978, chaque personne dispose d\u2019un droit d\u2019acc\u00e8s, de rectification et d\u2019opposition \u00e0 ses donn\u00e9es personnelles.<\/p>\n\n\n\n<p>Vous pouvez exercer ce droit en nous contactant, \u00e0 l\u2019adresse suivante&nbsp;:<\/p>\n\n\n\n<ul class=\"wp-block-list\"><li>EIC France, Email Industrie Concept &#8211; Pr\u00e9 Moinot &#8211; 52100 SAINT-DIZIER<\/li><\/ul>\n\n\n\n<p>Ou par email, \u00e0 l\u2019adresse : <a href=\"mailto:contact@eic-france.fr\">contact@eic-france.fr<\/a><\/p>\n\n\n\n<p>Conform\u00e9ment \u00e0 l\u2019article 40 de la loi pr\u00e9cit\u00e9e, toute demande doit \u00eatre accompagn\u00e9e de la photocopie d\u2019un titre d\u2019identit\u00e9 en cours de validit\u00e9 sign\u00e9 et faire mention de l\u2019adresse \u00e0 laquelle Audiotop pourra contacter le demandeur. La r\u00e9ponse sera adress\u00e9e dans le mois suivant la r\u00e9ception de la demande.<\/p>\n\n\n\n<p>De plus, et depuis la loi n\u00b02016-1321 du 7 octobre 2016, les personnes qui le souhaitent, ont la possibilit\u00e9 d\u2019organiser le sort de leurs donn\u00e9es apr\u00e8s leur d\u00e9c\u00e8s. Pour plus d\u2019information sur le sujet, vous pouvez consulter le site Internet de la CNIL&nbsp;:&nbsp;<a href=\"https:\/\/www.cnil.fr\/\">https:\/\/www.cnil.fr\/<\/a>.<\/p>\n\n\n\n<p>Enfin, chaque personne dispose d\u2019un droit \u00e0 la portabilit\u00e9 des donn\u00e9es personnelles qu\u2019elle a transmise au responsable de traitement. Ce droit s\u2019applique dans les m\u00eames conditions que le droit d\u2019acc\u00e8s et de rectification.<\/p>\n\n\n\n<ol class=\"wp-block-list\"><li><strong>Utilisation des \u00ab&nbsp;cookies&nbsp;\u00bb<\/strong><\/li><\/ol>\n\n\n\n<p>Qu\u2019est-ce qu\u2019un \u00ab&nbsp;cookie&nbsp;\u00bb&nbsp;?<\/p>\n\n\n\n<p>Un \u00ab&nbsp;Cookie&nbsp;\u00bb ou traceur est un fichier \u00e9lectronique d\u00e9pos\u00e9 sur un terminal (ordinateur, tablette, smartphone,\u2026) et lu par exemple lors de la consultation d\u2019un site internet, de la lecture d\u2019un courrier \u00e9lectronique, de l\u2019installation ou de l\u2019utilisation d\u2019un logiciel ou d\u2019une application mobile et ce quel que soit le type de terminal utilis\u00e9. (source&nbsp;:&nbsp;<a href=\"https:\/\/www.cnil.fr\/fr\/cookies-traceurs-que-dit-la-loi\">https:\/\/www.cnil.fr\/fr\/cookies-traceurs-que-dit-la-loi<\/a>&nbsp;)<\/p>\n\n\n\n<p>En naviguant sur le site d\u2019EIC France, des \u00ab cookies \u00bb \u00e9manant de la soci\u00e9t\u00e9 responsable du site concern\u00e9 pourront \u00eatre d\u00e9pos\u00e9s sur votre terminal.<\/p>\n\n\n\n<p>Lors de la navigation sur le site d\u2019EIC France, une banni\u00e8re explicative sur l\u2019utilisation des \u00ab cookies \u00bb appara\u00eetra. D\u00e8s lors, en poursuivant la navigation, le client et\/ou prospect sera r\u00e9put\u00e9 inform\u00e9 et avoir accept\u00e9 l\u2019utilisation desdits \u00ab cookies \u00bb. Le consentement donn\u00e9 sera valable pour une dur\u00e9e de 3 mois.<\/p>\n\n\n\n<p>Pour plus d\u2019informations sur l\u2019utilisation, la gestion et la suppression des \u00ab&nbsp;cookies&nbsp;\u00bb, pour tout type de navigateur, nous vous invitons \u00e0 consulter le lien suivant&nbsp;:<\/p>\n\n\n\n<p><a href=\"https:\/\/www.cnil.fr\/fr\/cookies-les-outils-pour-les-maitriser\">https:\/\/www.cnil.fr\/fr\/cookies-les-outils-pour-les-maitriser<\/a><\/p>\n","protected":false},"excerpt":{"rendered":"<p>IDENTIFICATION DE L\u2019EDITEUR DU SITE INTERNET Ce site est \u00e9dit\u00e9 par la soci\u00e9t\u00e9&nbsp; EIC FRANCE &#8211; EMAIL INDUSTRIEL CONCEPT, Soci\u00e9t\u00e9 \u00e0 Responsabilit\u00e9s Limit\u00e9es au capital de 62 500 \u20ac. Pr\u00e9 Moinot &#8211; 52100 SAINT-DIZIER RCS&nbsp;CHAUMONT 529 188 195TVA intracommunautaire : FR32529188195 Nom de domaine : eic-france.frSite web : https:\/\/eic-france.frMail :&nbsp;contact@eic-france.fr [&hellip;]<\/p>\n","protected":false},"author":1,"featured_media":0,"parent":0,"menu_order":0,"comment_status":"closed","ping_status":"closed","template":"","meta":{"footnotes":""},"class_list":["post-3","page","type-page","status-publish","hentry"],"_links":{"self":[{"href":"https:\/\/www.eic-france.fr\/en\/wp-json\/wp\/v2\/pages\/3","targetHints":{"allow":["GET"]}}],"collection":[{"href":"https:\/\/www.eic-france.fr\/en\/wp-json\/wp\/v2\/pages"}],"about":[{"href":"https:\/\/www.eic-france.fr\/en\/wp-json\/wp\/v2\/types\/page"}],"author":[{"embeddable":true,"href":"https:\/\/www.eic-france.fr\/en\/wp-json\/wp\/v2\/users\/1"}],"replies":[{"embeddable":true,"href":"https:\/\/www.eic-france.fr\/en\/wp-json\/wp\/v2\/comments?post=3"}],"version-history":[{"count":10,"href":"https:\/\/www.eic-france.fr\/en\/wp-json\/wp\/v2\/pages\/3\/revisions"}],"predecessor-version":[{"id":1881,"href":"https:\/\/www.eic-france.fr\/en\/wp-json\/wp\/v2\/pages\/3\/revisions\/1881"}],"wp:attachment":[{"href":"https:\/\/www.eic-france.fr\/en\/wp-json\/wp\/v2\/media?parent=3"}],"curies":[{"name":"wp","href":"https:\/\/api.w.org\/{rel}","templated":true}]}}